{"id":17,"date":"2024-01-10T17:54:55","date_gmt":"2024-01-10T17:54:55","guid":{"rendered":"https:\/\/chappy.de\/?page_id=17"},"modified":"2024-04-04T18:16:41","modified_gmt":"2024-04-04T18:16:41","slug":"uebersicht","status":"publish","type":"page","link":"https:\/\/chappy.de\/","title":{"rendered":"\u00dcbersicht"},"content":{"rendered":"\n<p>Ein neue Lied hinz\u00fcgen: <\/p>\n\n\n\n<p><a href=\"https:\/\/chappy.de\/?page_id=29\" data-type=\"page\" data-id=\"29\">Neues Lied hinzuf\u00fcgen<\/a><\/p>\n\n\n\n<p><\/p>\n\n\n\n<p>Die \u00dcbersicht aufrufen:<\/p>\n\n\n\n<p><a href=\"https:\/\/chappy.de\/?page_id=34\" data-type=\"page\" data-id=\"34\">-> gibt es hier<\/a><\/p>\n","protected":false},"excerpt":{"rendered":"<p>Ein neue Lied hinz\u00fcgen: Neues Lied hinzuf\u00fcgen Die \u00dcbersicht aufrufen: -> gibt es hier<\/p>\n","protected":false},"author":1,"featured_media":0,"parent":0,"menu_order":0,"comment_status":"closed","ping_status":"closed","template":"","meta":{"footnotes":""},"_links":{"self":[{"href":"https:\/\/chappy.de\/index.php?rest_route=\/wp\/v2\/pages\/17"}],"collection":[{"href":"https:\/\/chappy.de\/index.php?rest_route=\/wp\/v2\/pages"}],"about":[{"href":"https:\/\/chappy.de\/index.php?rest_route=\/wp\/v2\/types\/page"}],"author":[{"embeddable":true,"href":"https:\/\/chappy.de\/index.php?rest_route=\/wp\/v2\/users\/1"}],"replies":[{"embeddable":true,"href":"https:\/\/chappy.de\/index.php?rest_route=%2Fwp%2Fv2%2Fcomments&post=17"}],"version-history":[{"count":3,"href":"https:\/\/chappy.de\/index.php?rest_route=\/wp\/v2\/pages\/17\/revisions"}],"predecessor-version":[{"id":85,"href":"https:\/\/chappy.de\/index.php?rest_route=\/wp\/v2\/pages\/17\/revisions\/85"}],"wp:attachment":[{"href":"https:\/\/chappy.de\/index.php?rest_route=%2Fwp%2Fv2%2Fmedia&parent=17"}],"curies":[{"name":"wp","href":"https:\/\/api.w.org\/{rel}","templated":true}]}}